{"id":1082,"date":"2019-10-18T18:06:31","date_gmt":"2019-10-18T18:06:31","guid":{"rendered":"http:\/\/www.barattidiving.it\/?page_id=1082"},"modified":"2019-10-18T18:09:03","modified_gmt":"2019-10-18T18:09:03","slug":"wer-sind-wir","status":"publish","type":"page","link":"https:\/\/www.barattidiving.it\/de\/wer-sind-wir\/","title":{"rendered":"Wer sind wir"},"content":{"rendered":"\n<div class=\"flex_column av_one_fifth  flex_column_div av-zero-column-padding first  \" style='border-radius:0px; '><\/div>\n<div class=\"flex_column av_three_fifth  flex_column_div av-zero-column-padding   \" style='border-radius:0px; '><div  data-size='large'  data-lightbox_size='large'  data-animation='slide'  data-conditional_play=''  data-ids='194'  data-video_counter='0'  data-autoplay='false'  data-bg_slider='false'  data-slide_height=''  data-handle='av_slideshow'  data-interval='5'  data-class=' '  data-css_id=''  data-scroll_down=''  data-control_layout='av-control-default'  data-custom_markup=''  data-perma_caption=''  data-autoplay_stopper=''  data-image_attachment=''  data-min_height='0px'  class='avia-slideshow avia-slideshow-1  av-control-default av-default-height-applied avia-slideshow-large av_slideshow   avia-slide-slider '  itemprop=\"ImageObject\" itemscope=\"itemscope\" itemtype=\"https:\/\/schema.org\/ImageObject\" ><ul class='avia-slideshow-inner ' style='padding-bottom: 66.699029126214%;' ><li  class=' av-single-slide slide-1 ' ><div data-rel='slideshow-1' class='avia-slide-wrap '   ><img src='https:\/\/www.barattidiving.it\/wp-content\/uploads\/2018\/01\/LaiFamily_1500x1000-1030x687.jpg' width='1030' height='687' title='LaiFamily_1500x1000' alt=''  itemprop=\"thumbnailUrl\"   \/><\/div><\/li><\/ul><\/div><\/div>\n<div class=\"flex_column av_one_fifth  flex_column_div av-zero-column-padding   \" style='border-radius:0px; '><\/div>\n<div class=\"flex_column av_one_full  flex_column_div av-zero-column-padding first  \" style='border-radius:0px; '><section class=\"av_textblock_section \"  itemscope=\"itemscope\" itemtype=\"https:\/\/schema.org\/CreativeWork\" ><div class='avia_textblock  '   itemprop=\"text\" ><p>Luca Lai und Tania Abatiello sind die freundliche Besitzer von der Tauchbasis.<\/p>\n<p>Luca ista m 11\/07\/1982 in Cagliari geboren, seit er klein war lebt Luca neben dem wundersch\u00f6nen Meer vom s\u00fcden Sardinien. Luca verliebt sich in das Meer. Er lebt 8 Jahre in Ferrara, wo wird er Doktor in Sportwissenschaft und fangt einen Tauchkurs an. Seit 2009 lebt er in Toscana und beginnt Luca die Abenteuer mit Baratti Diving. Die langj\u00e4hrige Erfahrung als Taucher und Wasserratte versicht der Sicherheit\u00a0 in jeden Tauch in der Etruscan K\u00fcste und Elba Insel. Luca als\u00a0 Instruktor Trainer SNSI, ist f\u00fcr die Instruktorbildung verantwortlich.<\/p>\n<p>Tania ist der 20\/03\/1986 in Firenze geboren. Sie beginnt mit dem Tauchkurse in dem bezaubernd Golf von Baratti mit Luca als Instruktor, bis sie divemaster wird. Tania liebt Scubadiving und die Gef\u00fchle von tauchen die Sie an die anderer Leute \u00fcbertr\u00e4gt, so beginnt Tania im Baratti diving zu arbeiten. In 2015 macht Sie die Instruktorenkurs mit dem Trainer Evaluator Alessio Dallai, mit ausgezeichnete Ergebnisse.Im Jahr 2017 wird sie SNSI Recreational Nitrox Instruktor, SNSI BLSD Instruktor und SNSI Oxygen Provider Instruktor und dank die Erfahrung sie wird Divemaster Instruktor. Sie nimmt an dem SNSI Freedivingkurs von Pipin Ferreras, eine einzige Erfahrung teil. Tania organisiert die logistische Unterschutz f\u00fcr Ihre Tauchg\u00e4nge. Tania arbeitet den ganzen Jahr als Tauchen und Freediving Instruktorin.<\/p>\n<\/div><\/section><\/div>\n<div class=\"flex_column av_one_full  flex_column_div av-zero-column-padding first  \" style='border-radius:0px; '><section class=\"av_textblock_section \"  itemscope=\"itemscope\" itemtype=\"https:\/\/schema.org\/CreativeWork\" ><div class='avia_textblock  '   itemprop=\"text\" ><h2>Staff 2019<\/h2>\n<\/div><\/section><\/div>\n<div class=\"flex_column av_one_third  flex_column_div av-zero-column-padding first  \" style='border-radius:0px; '><p><div class='avia-image-container  av-styling-    avia-align-center '  itemprop=\"ImageObject\" itemscope=\"itemscope\" itemtype=\"https:\/\/schema.org\/ImageObject\"  ><div class='avia-image-container-inner'><div class='avia-image-overlay-wrap'><img class='avia_image ' src='https:\/\/www.barattidiving.it\/wp-content\/uploads\/2018\/06\/IMG_3121-300x225.jpg' alt='' title='IMG_3121' height=\"225\"width=\"300\"  itemprop=\"thumbnailUrl\"  \/><\/div><\/div><\/div><br \/>\n<section class=\"av_textblock_section \"  itemscope=\"itemscope\" itemtype=\"https:\/\/schema.org\/CreativeWork\" ><div class='avia_textblock  '   itemprop=\"text\" ><p>Fabio Pampana<\/p>\n<p>Er taucht im Baratti un Elba Insel sei ter klein war. Fabio hat auch im Sardinien und sud Italien gearbeitet, aber am besten mag er in dem toskanischen Archipel tauchen. Die gro\u00dfe Erfahrung und die Aufmerksamkeit f\u00fcr die Kunden machen Fabio ein unverzichtbar Instruktor.<\/p>\n<\/div><\/section><\/p><\/div><div class=\"flex_column av_one_third  flex_column_div av-zero-column-padding   \" style='border-radius:0px; '><p><div class='avia-image-container  av-styling-    avia-align-center '  itemprop=\"ImageObject\" itemscope=\"itemscope\" itemtype=\"https:\/\/schema.org\/ImageObject\"  ><div class='avia-image-container-inner'><div class='avia-image-overlay-wrap'><img class='avia_image ' src='https:\/\/www.barattidiving.it\/wp-content\/uploads\/2018\/06\/FB_IMG_1513036815568-300x235.jpg' alt='' title='FB_IMG_1513036815568' height=\"235\"width=\"300\"  itemprop=\"thumbnailUrl\"  \/><\/div><\/div><\/div><br \/>\n<section class=\"av_textblock_section \"  itemscope=\"itemscope\" itemtype=\"https:\/\/schema.org\/CreativeWork\" ><div class='avia_textblock  '   itemprop=\"text\" ><p>Federica Pallaver<\/p>\n<p>Sie ist eine Meeresbiologe, sie hat im 2015 einen Stage als Divemaster in Baratti diving gemacht, sp\u00e4ter ist sie Instruktorin geworden. Freundlichkeit und Professionalit\u00e4t sind seine unbestrittenen Qualit\u00e4ten.<\/p>\n<\/div><\/section><\/p><\/div><div class=\"flex_column av_one_third  flex_column_div av-zero-column-padding   \" style='border-radius:0px; '><p><div class='avia-image-container  av-styling-    avia-align-center '  itemprop=\"ImageObject\" itemscope=\"itemscope\" itemtype=\"https:\/\/schema.org\/ImageObject\"  ><div class='avia-image-container-inner'><div class='avia-image-overlay-wrap'><img class='avia_image ' src='https:\/\/www.barattidiving.it\/wp-content\/uploads\/2018\/06\/32294321_1741004265956684_4023149059333160960_n-180x180.jpg' alt='' title='32294321_1741004265956684_4023149059333160960_n' height=\"180\"width=\"180\"  itemprop=\"thumbnailUrl\"  \/><\/div><\/div><\/div><br \/>\n<section class=\"av_textblock_section \"  itemscope=\"itemscope\" itemtype=\"https:\/\/schema.org\/CreativeWork\" ><div class='avia_textblock  '   itemprop=\"text\" ><p>Andrea Bellucci<\/p>\n<p>Seit mehreren Jahren arbeitet er mit Baratti diving als kompetent Tauchguide und Tauchinstruktor. Andrea ist ein Profi von Underwater Photography und er liebt mit der Kamera unterwasser tauchen. Er hilft Ihnen bei Ihren Fotos am besten zu machen.<\/p>\n<\/div><\/section><\/p><\/div><div class=\"flex_column av_one_third  flex_column_div av-zero-column-padding first  \" style='border-radius:0px; '><p><div class='avia-image-container  av-styling-    avia-align-center '  itemprop=\"ImageObject\" itemscope=\"itemscope\" itemtype=\"https:\/\/schema.org\/ImageObject\"  ><div class='avia-image-container-inner'><div class='avia-image-overlay-wrap'><img class='avia_image ' src='https:\/\/www.barattidiving.it\/wp-content\/uploads\/2018\/06\/ProfiloGiacomo-300x238.png' alt='' title='ProfiloGiacomo' height=\"238\"width=\"300\"  itemprop=\"thumbnailUrl\"  \/><\/div><\/div><\/div><br \/>\n<section class=\"av_textblock_section \"  itemscope=\"itemscope\" itemtype=\"https:\/\/schema.org\/CreativeWork\" ><div class='avia_textblock  '   itemprop=\"text\" ><p>Giacomo Guerrieri<\/p>\n<p>Er liebt das Meer und die K\u00fcste in der nahe von Piombino. Er teilt die Tage zwischen Basketball spielen und Tauchg\u00e4nge im Baratti. Giacomo hat viel Lust seine Leidenschaft und seinen respekt f\u00fcr das Meer zu teilen. Mit ihm ist sicher dass du spass hast!<\/p>\n<\/div><\/section><\/p><\/div><\/p>\n","protected":false},"excerpt":{"rendered":"","protected":false},"author":1,"featured_media":0,"parent":0,"menu_order":0,"comment_status":"closed","ping_status":"closed","template":"","meta":{"footnotes":""},"class_list":["post-1082","page","type-page","status-publish","hentry"],"_links":{"self":[{"href":"https:\/\/www.barattidiving.it\/de\/wp-json\/wp\/v2\/pages\/1082","targetHints":{"allow":["GET"]}}],"collection":[{"href":"https:\/\/www.barattidiving.it\/de\/wp-json\/wp\/v2\/pages"}],"about":[{"href":"https:\/\/www.barattidiving.it\/de\/wp-json\/wp\/v2\/types\/page"}],"author":[{"embeddable":true,"href":"https:\/\/www.barattidiving.it\/de\/wp-json\/wp\/v2\/users\/1"}],"replies":[{"embeddable":true,"href":"https:\/\/www.barattidiving.it\/de\/wp-json\/wp\/v2\/comments?post=1082"}],"version-history":[{"count":4,"href":"https:\/\/www.barattidiving.it\/de\/wp-json\/wp\/v2\/pages\/1082\/revisions"}],"predecessor-version":[{"id":1088,"href":"https:\/\/www.barattidiving.it\/de\/wp-json\/wp\/v2\/pages\/1082\/revisions\/1088"}],"wp:attachment":[{"href":"https:\/\/www.barattidiving.it\/de\/wp-json\/wp\/v2\/media?parent=1082"}],"curies":[{"name":"wp","href":"https:\/\/api.w.org\/{rel}","templated":true}]}}