{"id":1118,"date":"2019-11-11T15:12:20","date_gmt":"2019-11-11T15:12:20","guid":{"rendered":"http:\/\/www.barattidiving.it\/?page_id=1118"},"modified":"2019-11-11T15:12:20","modified_gmt":"2019-11-11T15:12:20","slug":"scoglietto","status":"publish","type":"page","link":"https:\/\/www.barattidiving.it\/de\/scoglietto\/","title":{"rendered":"Scoglietto"},"content":{"rendered":"<div class=\"flex_column av_one_full  flex_column_div av-zero-column-padding first  \" style='border-radius:0px; '><section class=\"av_textblock_section \"  itemscope=\"itemscope\" itemtype=\"https:\/\/schema.org\/CreativeWork\" ><div class='avia_textblock  '   itemprop=\"text\" ><p>Scoglietto ist eine mittelgro\u00dfe Insel fast ohne Vegetation. Auf der Scoglietto Insel gibt es den Leuchtturm von Portoferraio, der war im 1910 gebautet. Im Jahr 1971 wurde das Meer neben dieser Insel in dem Bereich des biologischen Schutzes \u201cLe Ghiaie-Scoglietto-Capo Bianco\u201d eingef\u00fcgt. Da ist der Fischfang verboten so ist es m\u00f6glich viele gro\u00dfe Fische wie Zackenbarsche, Adlerfische und Meersauen zu treffen.<\/p>\n<\/div><\/section><\/div><div class=\"flex_column av_one_full  flex_column_div av-zero-column-padding first  \" style='border-radius:0px; '><p><div style='padding-bottom:10px; ' class='av-special-heading av-special-heading-h3  blockquote modern-quote modern-centered   '><h3 class='av-special-heading-tag '  itemprop=\"headline\"  ><span class='special_amp'>&#8222;<\/span>Franata delle cernie<span class='special_amp'>&#8220;<\/span><\/h3><div class='special-heading-border'><div class='special-heading-inner-border' ><\/div><\/div><\/div><br \/>\n<div class='avia-image-container  av-styling-    avia-align-center '  itemprop=\"ImageObject\" itemscope=\"itemscope\" itemtype=\"https:\/\/schema.org\/ImageObject\"  ><div class='avia-image-container-inner'><div class='avia-image-overlay-wrap'><img class='avia_image ' src='https:\/\/www.barattidiving.it\/wp-content\/uploads\/2018\/02\/FranatadelleCernie-300x218.png' alt='' title='FranatadelleCernie' height=\"218\"width=\"300\"  itemprop=\"thumbnailUrl\"  \/><\/div><\/div><\/div><\/p><\/div><\/p>\n<div class=\"flex_column av_one_full  flex_column_div av-zero-column-padding first  \" style='border-radius:0px; '><p><div style='padding-bottom:10px; ' class='av-special-heading av-special-heading-h3  blockquote modern-quote modern-centered  '><h3 class='av-special-heading-tag '  itemprop=\"headline\"  ><span class='special_amp'>&#8222;<\/span>Il Cristo<span class='special_amp'>&#8220;<\/span><\/h3><div class='special-heading-border'><div class='special-heading-inner-border' ><\/div><\/div><\/div><br \/>\n<div class='avia-image-container  av-styling-    avia-align-center '  itemprop=\"ImageObject\" itemscope=\"itemscope\" itemtype=\"https:\/\/schema.org\/ImageObject\"  ><div class='avia-image-container-inner'><div class='avia-image-overlay-wrap'><img class='avia_image ' src='https:\/\/www.barattidiving.it\/wp-content\/uploads\/2018\/02\/IlCristo-300x218.png' alt='' title='IlCristo' height=\"218\"width=\"300\"  itemprop=\"thumbnailUrl\"  \/><\/div><\/div><\/div><\/p><\/div>\n","protected":false},"excerpt":{"rendered":"","protected":false},"author":1,"featured_media":0,"parent":0,"menu_order":0,"comment_status":"closed","ping_status":"closed","template":"","meta":{"footnotes":""},"class_list":["post-1118","page","type-page","status-publish","hentry"],"_links":{"self":[{"href":"https:\/\/www.barattidiving.it\/de\/wp-json\/wp\/v2\/pages\/1118","targetHints":{"allow":["GET"]}}],"collection":[{"href":"https:\/\/www.barattidiving.it\/de\/wp-json\/wp\/v2\/pages"}],"about":[{"href":"https:\/\/www.barattidiving.it\/de\/wp-json\/wp\/v2\/types\/page"}],"author":[{"embeddable":true,"href":"https:\/\/www.barattidiving.it\/de\/wp-json\/wp\/v2\/users\/1"}],"replies":[{"embeddable":true,"href":"https:\/\/www.barattidiving.it\/de\/wp-json\/wp\/v2\/comments?post=1118"}],"version-history":[{"count":2,"href":"https:\/\/www.barattidiving.it\/de\/wp-json\/wp\/v2\/pages\/1118\/revisions"}],"predecessor-version":[{"id":1122,"href":"https:\/\/www.barattidiving.it\/de\/wp-json\/wp\/v2\/pages\/1118\/revisions\/1122"}],"wp:attachment":[{"href":"https:\/\/www.barattidiving.it\/de\/wp-json\/wp\/v2\/media?parent=1118"}],"curies":[{"name":"wp","href":"https:\/\/api.w.org\/{rel}","templated":true}]}}